{"id":7102,"date":"2025-02-13T19:33:25","date_gmt":"2025-02-13T18:33:25","guid":{"rendered":"https:\/\/prestonpublishing.pl\/blog\/?page_id=7102"},"modified":"2025-03-24T09:18:39","modified_gmt":"2025-03-24T08:18:39","slug":"metoda365","status":"publish","type":"page","link":"https:\/\/prestonpublishing.pl\/blog\/metoda365\/","title":{"rendered":"Dzi\u0119kujemy za zapis do newslettera"},"content":{"rendered":"\n<p>Dzi\u0119kujemy, \u017ce zdecydowa\u0142e\u015b si\u0119 na subskrypcj\u0119&nbsp;<strong>newslettera Preston Publishing.&nbsp;<\/strong>Jeszcze&nbsp;<strong>tylko jeden krok&nbsp;<\/strong>dzieli Ci\u0119 od otrzymania bezp\u0142atnego e-booka o metodzie 365 z przyk\u0142adowymi lekcjami oraz kodu rabatowego na zakupy w sklepie. Potwierd\u017a subskrypcj\u0119 klikaj\u0105c w link wys\u0142any na podany adres e-mail i&nbsp;<strong>nie przegap okazji do rozwijania swoich umiej\u0119tno\u015bci j\u0119zykowych.&nbsp;<\/strong><\/p>\n\n\n\n<h2 class=\"wp-block-heading\" id=\"h-masz-problem-z-systematyczna-nauka-angielskiego-szukasz-gotowego-kursu-jezykowego\">Masz problem z systematyczn\u0105 nauk\u0105 angielskiego? Szukasz gotowego kursu j\u0119zykowego?\u00a0<\/h2>\n\n\n\n<p><em>Angielski 365 na ka\u017cdy dzie\u0144<\/em>\u00a0to spos\u00f3b na wszystkie Twoje j\u0119zykowe bol\u0105czki! Dzi\u0119ki\u00a0tej ksi\u0105\u017cce\u00a0<strong>poszerzysz zakres u\u017cywanych przez Ciebie s\u0142\u00f3wek<\/strong>,\u00a0<strong>podszkolisz wymow\u0119 i znajomo\u015b\u0107 gramatyki<\/strong>, a trudne do opanowania\u00a0<em>phrasale\u00a0<\/em>stan\u0105 si\u0119 jednym z\u00a0Twoich ulubionych zagadnie\u0144.<\/p>\n\n\n\n<p>Brakuje Ci motywacji i wci\u0105\u017c zdarza Ci si\u0119 pope\u0142nia\u0107 najbardziej podstawowe b\u0142\u0119dy? To idealna ksi\u0105\u017cka dla Ciebie, je\u015bli chcesz podszkoli\u0107 sw\u00f3j angielski i&nbsp;<strong>usystematyzowa\u0107&nbsp;swoj\u0105 wiedz\u0119<\/strong>&nbsp;na poziomie A2-B2.<\/p>\n\n\n\n<figure class=\"wp-block-embed is-type-rich is-provider-obs-uga-osadzania wp-block-embed-obs-uga-osadzania wp-embed-aspect-16-9 wp-has-aspect-ratio\"><div class=\"wp-block-embed__wrapper\">\n<iframe loading=\"lazy\" title=\"Angielski 365 na ka\u017cdy dzie\u0144\" width=\"1290\" height=\"726\" src=\"https:\/\/www.youtube.com\/embed\/KPC73uaMKHs?feature=oembed\" frameborder=\"0\" allow=\"accelerometer; autoplay; clipboard-write; encrypted-media; gyroscope; picture-in-picture; web-share\" referrerpolicy=\"strict-origin-when-cross-origin\" allowfullscreen><\/iframe>\n<\/div><\/figure>\n\n\n\n<p><em>Angielski 365 na ka\u017cdy dzie\u0144<\/em>&nbsp;to przemy\u015blany&nbsp;<strong>roczny kurs j\u0119zyka angielskiego&nbsp;<\/strong>na poziomie ponadpodstawowym i \u015brednio zaawansowanym. Ka\u017cdego dnia, krok po kroku opanujesz najwa\u017cniejsze zagadnienia z&nbsp;zakresu gramatyki, s\u0142ownictwa, wymowy czy s\u0142owotw\u00f3rstwa. Razem z t\u0105 ksi\u0105\u017ck\u0105 na w\u0142asnej sk\u00f3rze do\u015bwiadczysz, \u017ce&nbsp;przyswojenie&nbsp;<em>phrasali<\/em>&nbsp;to bu\u0142ka z&nbsp;mas\u0142em, a idiomy same zaczn\u0105 wchodzi\u0107 Ci do g\u0142owy.<\/p>\n\n\n\n<p>Na ka\u017cdy dzie\u0144 tygodnia przypada<strong>&nbsp;jedno z 365 zagadnie\u0144<\/strong>:<\/p>\n\n\n\n<ul class=\"wp-block-list\">\n<li>MONDAY \u2013 \u0107wiczysz gramatyk\u0119;<\/li>\n\n\n\n<li>TUESDAY \u2013 uczysz si\u0119 s\u0142ownictwa;<\/li>\n\n\n\n<li>WEDNESDAY \u2013 poznajesz przyimki oraz tajniki poprawnej wymowy;<\/li>\n\n\n\n<li>THURSDAY \u2013 mierzysz si\u0119 z phrasal verbs;<\/li>\n\n\n\n<li>FRIDAY \u2013 powtarzasz czasowniki nieregularne, idiomy i s\u0142owotw\u00f3rstwo;<\/li>\n\n\n\n<li>SATURDAY \u2013 przyswajasz wiadomo\u015bci poprzez t\u0142umaczenie zda\u0144;<\/li>\n\n\n\n<li>SUNDAY \u2013 rozwi\u0105zujesz krzy\u017c\u00f3wk\u0119 j\u0119zykow\u0105.<\/li>\n<\/ul>\n\n\n\n<p>Dzi\u0119ki naszej ksi\u0105\u017cce:<\/p>\n\n\n\n<ul class=\"wp-block-list\">\n<li>dostarczysz sobie&nbsp;solidnej&nbsp;<strong>dawki wiedzy<\/strong>&nbsp;ka\u017cdego dnia,<\/li>\n\n\n\n<li>z \u0142atwo\u015bci\u0105 opanujesz&nbsp;setki nowych&nbsp;<strong>wyra\u017ce\u0144 i zwrot\u00f3w<\/strong>,<\/li>\n\n\n\n<li>przyswoisz&nbsp;<strong>najbardziej istotne zagadnienia<\/strong>&nbsp;j\u0119zyka angielskiego,<\/li>\n\n\n\n<li>skutecznie<strong>&nbsp;utrwalisz<\/strong>&nbsp;zdobyte wiadomo\u015bci.<\/li>\n<\/ul>\n\n\n\n<p>Zacznij nauk\u0119 w dowolny poniedzia\u0142ek z ksi\u0105\u017ck\u0105&nbsp;<em>Angielski 365 na ka\u017cdy dzie\u0144<\/em>!<\/p>\n\n\n\n<div class=\"wp-block-buttons alignwide is-content-justification-center is-layout-flex wp-container-core-buttons-is-layout-a89b3969 wp-block-buttons-is-layout-flex\">\n<div class=\"wp-block-button\"><a class=\"wp-block-button__link wp-element-button\" href=\"https:\/\/prestonpublishing.pl\/index.php?controller=cart&amp;add=1&amp;action=show&amp;id_product=147\">Dodaj do koszyka<\/a><\/div>\n<\/div>\n\n\n\n<p><\/p>\n","protected":false},"excerpt":{"rendered":"<p>Dzi\u0119kujemy, \u017ce zdecydowa\u0142e\u015b si\u0119 na subskrypcj\u0119&nbsp;newslettera Preston Publishing.&nbsp;Jeszcze&nbsp;tylko jeden krok&nbsp;dzieli Ci\u0119 od otrzymania bezp\u0142atnego e-booka o metodzie 365 z przyk\u0142adowymi lekcjami oraz kodu rabatowego na zakupy w sklepie. Potwierd\u017a subskrypcj\u0119 klikaj\u0105c w link wys\u0142any na podany adres e-mail i&nbsp;nie przegap okazji do rozwijania swoich umiej\u0119tno\u015bci j\u0119zykowych.&nbsp; Masz problem z systematyczn\u0105 nauk\u0105 angielskiego? Szukasz gotowego kursu [&hellip;]<\/p>\n","protected":false},"author":1,"featured_media":0,"parent":0,"menu_order":0,"comment_status":"closed","ping_status":"closed","template":"","meta":{"footnotes":""},"class_list":["post-7102","page","type-page","status-publish","hentry"],"blocksy_meta":[],"featured_image_urls":{"full":"","thumbnail":"","medium":"","medium_large":"","large":"","1536x1536":"","2048x2048":""},"post_excerpt_stackable":"<p>Dzi\u0119kujemy, \u017ce zdecydowa\u0142e\u015b si\u0119 na subskrypcj\u0119&nbsp;newslettera Preston Publishing.&nbsp;Jeszcze&nbsp;tylko jeden krok&nbsp;dzieli Ci\u0119 od otrzymania bezp\u0142atnego e-booka o metodzie 365 z przyk\u0142adowymi lekcjami oraz kodu rabatowego na zakupy w sklepie. Potwierd\u017a subskrypcj\u0119 klikaj\u0105c w link wys\u0142any na podany adres e-mail i&nbsp;nie przegap okazji do rozwijania swoich umiej\u0119tno\u015bci j\u0119zykowych.&nbsp; Masz problem z systematyczn\u0105 nauk\u0105 angielskiego? Szukasz gotowego kursu j\u0119zykowego?\u00a0 Angielski 365 na ka\u017cdy dzie\u0144\u00a0to spos\u00f3b na wszystkie Twoje j\u0119zykowe bol\u0105czki! Dzi\u0119ki\u00a0tej ksi\u0105\u017cce\u00a0poszerzysz zakres u\u017cywanych przez Ciebie s\u0142\u00f3wek,\u00a0podszkolisz wymow\u0119 i znajomo\u015b\u0107 gramatyki, a trudne do opanowania\u00a0phrasale\u00a0stan\u0105 si\u0119 jednym z\u00a0Twoich ulubionych zagadnie\u0144. Brakuje Ci motywacji i wci\u0105\u017c zdarza Ci si\u0119 pope\u0142nia\u0107 najbardziej podstawowe b\u0142\u0119dy? To&hellip;<\/p>\n","category_list":"","author_info":{"name":"admin","url":"https:\/\/prestonpublishing.pl\/blog\/author\/admin\/"},"comments_num":"0 comments","yoast_head":"<!-- This site is optimized with the Yoast SEO Premium plugin v23.0 (Yoast SEO v23.0) - https:\/\/yoast.com\/wordpress\/plugins\/seo\/ -->\n<title>Dzi\u0119kujemy za zapis do newslettera | Blog Preston Publishing<\/title>\n<meta name=\"description\" content=\"Dzi\u0119kujemy za zapis do newslettera Preston Publishing, w kt\u00f3rym dzielimy si\u0119 z Tob\u0105 wiedz\u0105 dotycz\u0105c\u0105 skutecznego uczenia si\u0119 j\u0119zyk\u00f3w obcych.\" \/>\n<meta name=\"robots\" content=\"index, follow, max-snippet:-1, max-image-preview:large, max-video-preview:-1\" \/>\n<link rel=\"canonical\" href=\"https:\/\/prestonpublishing.pl\/blog\/metoda365\/\" \/>\n<meta property=\"og:locale\" content=\"pl_PL\" \/>\n<meta property=\"og:type\" content=\"article\" \/>\n<meta property=\"og:title\" content=\"Dzi\u0119kujemy za zapis do newslettera | Blog Preston Publishing\" \/>\n<meta property=\"og:description\" content=\"Dzi\u0119kujemy za zapis do newslettera Preston Publishing, w kt\u00f3rym dzielimy si\u0119 z Tob\u0105 wiedz\u0105 dotycz\u0105c\u0105 skutecznego uczenia si\u0119 j\u0119zyk\u00f3w obcych.\" \/>\n<meta property=\"og:url\" content=\"https:\/\/prestonpublishing.pl\/blog\/metoda365\/\" \/>\n<meta property=\"og:site_name\" content=\"Blog Preston Publishing\" \/>\n<meta property=\"article:publisher\" content=\"https:\/\/www.facebook.com\/prestonpublishing1\" \/>\n<meta property=\"article:modified_time\" content=\"2025-03-24T08:18:39+00:00\" \/>\n<meta name=\"twitter:card\" content=\"summary_large_image\" \/>\n<meta name=\"twitter:label1\" content=\"Szacowany czas czytania\" \/>\n\t<meta name=\"twitter:data1\" content=\"2 minuty\" \/>\n<script type=\"application\/ld+json\" class=\"yoast-schema-graph\">{\"@context\":\"https:\/\/schema.org\",\"@graph\":[{\"@type\":\"WebPage\",\"@id\":\"https:\/\/prestonpublishing.pl\/blog\/metoda365\/\",\"url\":\"https:\/\/prestonpublishing.pl\/blog\/metoda365\/\",\"name\":\"Dzi\u0119kujemy za zapis do newslettera | Blog Preston Publishing\",\"isPartOf\":{\"@id\":\"https:\/\/prestonpublishing.pl\/blog\/#website\"},\"datePublished\":\"2025-02-13T18:33:25+00:00\",\"dateModified\":\"2025-03-24T08:18:39+00:00\",\"description\":\"Dzi\u0119kujemy za zapis do newslettera Preston Publishing, w kt\u00f3rym dzielimy si\u0119 z Tob\u0105 wiedz\u0105 dotycz\u0105c\u0105 skutecznego uczenia si\u0119 j\u0119zyk\u00f3w obcych.\",\"inLanguage\":\"pl-PL\",\"potentialAction\":[{\"@type\":\"ReadAction\",\"target\":[\"https:\/\/prestonpublishing.pl\/blog\/metoda365\/\"]}]},{\"@type\":\"WebSite\",\"@id\":\"https:\/\/prestonpublishing.pl\/blog\/#website\",\"url\":\"https:\/\/prestonpublishing.pl\/blog\/\",\"name\":\"Blog Preston Publishing\",\"description\":\"Artyku\u0142y o nauce j\u0119zyk\u00f3w obcych\",\"publisher\":{\"@id\":\"https:\/\/prestonpublishing.pl\/blog\/#organization\"},\"potentialAction\":[{\"@type\":\"SearchAction\",\"target\":{\"@type\":\"EntryPoint\",\"urlTemplate\":\"https:\/\/prestonpublishing.pl\/blog\/?s={search_term_string}\"},\"query-input\":\"required name=search_term_string\"}],\"inLanguage\":\"pl-PL\"},{\"@type\":\"Organization\",\"@id\":\"https:\/\/prestonpublishing.pl\/blog\/#organization\",\"name\":\"PrestonPublishing Blog\",\"url\":\"https:\/\/prestonpublishing.pl\/blog\/\",\"logo\":{\"@type\":\"ImageObject\",\"inLanguage\":\"pl-PL\",\"@id\":\"https:\/\/prestonpublishing.pl\/blog\/#\/schema\/logo\/image\/\",\"url\":\"https:\/\/prestonpublishing.pl\/blog\/wp-content\/uploads\/2025\/01\/preston-logo-tagline-no-padding.svg\",\"contentUrl\":\"https:\/\/prestonpublishing.pl\/blog\/wp-content\/uploads\/2025\/01\/preston-logo-tagline-no-padding.svg\",\"caption\":\"PrestonPublishing Blog\"},\"image\":{\"@id\":\"https:\/\/prestonpublishing.pl\/blog\/#\/schema\/logo\/image\/\"},\"sameAs\":[\"https:\/\/www.facebook.com\/prestonpublishing1\",\"https:\/\/www.instagram.com\/prestonpublishing\/\",\"https:\/\/www.linkedin.com\/company\/prestonpublishing\"]}]}<\/script>\n<!-- \/ Yoast SEO Premium plugin. -->","yoast_head_json":{"title":"Dzi\u0119kujemy za zapis do newslettera | Blog Preston Publishing","description":"Dzi\u0119kujemy za zapis do newslettera Preston Publishing, w kt\u00f3rym dzielimy si\u0119 z Tob\u0105 wiedz\u0105 dotycz\u0105c\u0105 skutecznego uczenia si\u0119 j\u0119zyk\u00f3w obcych.","robots":{"index":"index","follow":"follow","max-snippet":"max-snippet:-1","max-image-preview":"max-image-preview:large","max-video-preview":"max-video-preview:-1"},"canonical":"https:\/\/prestonpublishing.pl\/blog\/metoda365\/","og_locale":"pl_PL","og_type":"article","og_title":"Dzi\u0119kujemy za zapis do newslettera | Blog Preston Publishing","og_description":"Dzi\u0119kujemy za zapis do newslettera Preston Publishing, w kt\u00f3rym dzielimy si\u0119 z Tob\u0105 wiedz\u0105 dotycz\u0105c\u0105 skutecznego uczenia si\u0119 j\u0119zyk\u00f3w obcych.","og_url":"https:\/\/prestonpublishing.pl\/blog\/metoda365\/","og_site_name":"Blog Preston Publishing","article_publisher":"https:\/\/www.facebook.com\/prestonpublishing1","article_modified_time":"2025-03-24T08:18:39+00:00","twitter_card":"summary_large_image","twitter_misc":{"Szacowany czas czytania":"2 minuty"},"schema":{"@context":"https:\/\/schema.org","@graph":[{"@type":"WebPage","@id":"https:\/\/prestonpublishing.pl\/blog\/metoda365\/","url":"https:\/\/prestonpublishing.pl\/blog\/metoda365\/","name":"Dzi\u0119kujemy za zapis do newslettera | Blog Preston Publishing","isPartOf":{"@id":"https:\/\/prestonpublishing.pl\/blog\/#website"},"datePublished":"2025-02-13T18:33:25+00:00","dateModified":"2025-03-24T08:18:39+00:00","description":"Dzi\u0119kujemy za zapis do newslettera Preston Publishing, w kt\u00f3rym dzielimy si\u0119 z Tob\u0105 wiedz\u0105 dotycz\u0105c\u0105 skutecznego uczenia si\u0119 j\u0119zyk\u00f3w obcych.","inLanguage":"pl-PL","potentialAction":[{"@type":"ReadAction","target":["https:\/\/prestonpublishing.pl\/blog\/metoda365\/"]}]},{"@type":"WebSite","@id":"https:\/\/prestonpublishing.pl\/blog\/#website","url":"https:\/\/prestonpublishing.pl\/blog\/","name":"Blog Preston Publishing","description":"Artyku\u0142y o nauce j\u0119zyk\u00f3w obcych","publisher":{"@id":"https:\/\/prestonpublishing.pl\/blog\/#organization"},"potentialAction":[{"@type":"SearchAction","target":{"@type":"EntryPoint","urlTemplate":"https:\/\/prestonpublishing.pl\/blog\/?s={search_term_string}"},"query-input":"required name=search_term_string"}],"inLanguage":"pl-PL"},{"@type":"Organization","@id":"https:\/\/prestonpublishing.pl\/blog\/#organization","name":"PrestonPublishing Blog","url":"https:\/\/prestonpublishing.pl\/blog\/","logo":{"@type":"ImageObject","inLanguage":"pl-PL","@id":"https:\/\/prestonpublishing.pl\/blog\/#\/schema\/logo\/image\/","url":"https:\/\/prestonpublishing.pl\/blog\/wp-content\/uploads\/2025\/01\/preston-logo-tagline-no-padding.svg","contentUrl":"https:\/\/prestonpublishing.pl\/blog\/wp-content\/uploads\/2025\/01\/preston-logo-tagline-no-padding.svg","caption":"PrestonPublishing Blog"},"image":{"@id":"https:\/\/prestonpublishing.pl\/blog\/#\/schema\/logo\/image\/"},"sameAs":["https:\/\/www.facebook.com\/prestonpublishing1","https:\/\/www.instagram.com\/prestonpublishing\/","https:\/\/www.linkedin.com\/company\/prestonpublishing"]}]}},"_links":{"self":[{"href":"https:\/\/prestonpublishing.pl\/blog\/wp-json\/wp\/v2\/pages\/7102","targetHints":{"allow":["GET"]}}],"collection":[{"href":"https:\/\/prestonpublishing.pl\/blog\/wp-json\/wp\/v2\/pages"}],"about":[{"href":"https:\/\/prestonpublishing.pl\/blog\/wp-json\/wp\/v2\/types\/page"}],"author":[{"embeddable":true,"href":"https:\/\/prestonpublishing.pl\/blog\/wp-json\/wp\/v2\/users\/1"}],"replies":[{"embeddable":true,"href":"https:\/\/prestonpublishing.pl\/blog\/wp-json\/wp\/v2\/comments?post=7102"}],"version-history":[{"count":8,"href":"https:\/\/prestonpublishing.pl\/blog\/wp-json\/wp\/v2\/pages\/7102\/revisions"}],"predecessor-version":[{"id":7372,"href":"https:\/\/prestonpublishing.pl\/blog\/wp-json\/wp\/v2\/pages\/7102\/revisions\/7372"}],"wp:attachment":[{"href":"https:\/\/prestonpublishing.pl\/blog\/wp-json\/wp\/v2\/media?parent=7102"}],"curies":[{"name":"wp","href":"https:\/\/api.w.org\/{rel}","templated":true}]}}