{"id":7597,"date":"2025-05-08T08:50:18","date_gmt":"2025-05-08T06:50:18","guid":{"rendered":"https:\/\/prestonpublishing.pl\/blog\/?page_id=7597"},"modified":"2025-06-11T10:26:27","modified_gmt":"2025-06-11T08:26:27","slug":"slownictwo_hiszpanski","status":"publish","type":"page","link":"https:\/\/prestonpublishing.pl\/blog\/slownictwo_hiszpanski\/","title":{"rendered":"Dzi\u0119kujemy za zapis na newsletter"},"content":{"rendered":"\n<p>Dzi\u0119kujemy, \u017ce zdecydowa\u0142e\u015b si\u0119 na subskrypcj\u0119&nbsp;newslettera Preston Publishing.&nbsp;Jeszcze&nbsp;tylko jeden krok&nbsp;dzieli Ci\u0119 od otrzymania bezp\u0142atnego e-booka z praktycznym s\u0142ownictwem na poziomie A1\u2013A2, opartego na bestsellerowej ksi\u0105\u017cce&nbsp;<font color=\"#ff9632\"><span style=\"caret-color: rgb(255, 150, 50);\"><i><u>Hiszpa\u0144ski<\/u><\/i><\/span><\/font><em><a href=\"https:\/\/prestonpublishing.pl\/hiszpanski\/145-hiszpanski-w-tlumaczeniach-slownictwo-cz-1.html\"> w t\u0142umaczeniach. S\u0142ownictwo 1<\/a><\/em>. Znajdziesz w nim dziesi\u0105tki przydatnych zwrot\u00f3w z codziennego j\u0119zyka i gotowe zdania do nauki.<\/p>\n\n\n\n<p>\ud83d\udce9 Kliknij w link wys\u0142any na Tw\u00f3j adres e-mail, aby potwierdzi\u0107 subskrypcj\u0119 i otrzyma\u0107 r\u00f3wnie\u017c&nbsp;<strong>kod rabatowy na zakupy w naszym sklepie<\/strong>. Ucz si\u0119 m\u0105drze i skutecznie \u2013 razem z nami!<\/p>\n\n\n\n<h2 class=\"wp-block-heading\" id=\"h-chcesz-nbsp-mowic-po-hiszpansku-ale-wciaz-masz-problemy-z-nbsp-opanowaniem-slownictwa\">Chcesz&nbsp;<strong>m\u00f3wi\u0107 po hiszpa\u0144sku<\/strong>, ale wci\u0105\u017c masz problemy z&nbsp;opanowaniem s\u0142ownictwa? <\/h2>\n\n\n\n<p>Dotychczasowe metody nauki&nbsp;nie przynios\u0142y one oczekiwanego rezultatu? T\u0119 ksi\u0105\u017ck\u0119 stworzyli\u015bmy w\u0142a\u015bnie po to, \u017ceby rozwi\u0105za\u0107 Twoje problemy!&nbsp;<\/p>\n\n\n\n<figure class=\"wp-block-image alignright size-full is-resized\"><img loading=\"lazy\" decoding=\"async\" width=\"446\" height=\"595\" src=\"https:\/\/prestonpublishing.pl\/blog\/wp-content\/uploads\/2024\/08\/Hiszpanski_Slownictwo_1_Preston_Publishing_hiszpanski-w-podrozy-e1723535670436.png\" alt=\"ok\u0142adka ksi\u0105\u017cki Hiszpa\u0144ski w t\u0142umaczeniach s\u0142ownictwo wydawnictwa Preston Publishing s\u0142ownictwo hiszpanskie\" class=\"wp-image-5955\" style=\"width:218px;height:auto\" srcset=\"https:\/\/prestonpublishing.pl\/blog\/wp-content\/uploads\/2024\/08\/Hiszpanski_Slownictwo_1_Preston_Publishing_hiszpanski-w-podrozy-e1723535670436.png 446w, https:\/\/prestonpublishing.pl\/blog\/wp-content\/uploads\/2024\/08\/Hiszpanski_Slownictwo_1_Preston_Publishing_hiszpanski-w-podrozy-e1723535670436-225x300.png 225w\" sizes=\"auto, (max-width: 446px) 100vw, 446px\" \/><\/figure>\n\n\n\n<p>W ksi\u0105\u017cce opartej na metodzie&nbsp;<em>w t\u0142umaczeniach<\/em>&nbsp;znajdziesz&nbsp;a\u017c&nbsp;<strong>52 tematy&nbsp;z&nbsp;listami podstawowych hiszpa\u0144skich s\u0142\u00f3wek<\/strong>, kt\u00f3re opanujesz, t\u0142umacz\u0105c zdania. Zawarte w ksi\u0105\u017cce testy pomog\u0105 Ci sprawdzi\u0107 swoj\u0105 wiedz\u0119 i utrwali\u0107 zapami\u0119tany materia\u0142.<br><br>W podr\u0119czniku znajduje si\u0119 te\u017c wiele przydatnych wskaz\u00f3wek. Pomog\u0105 Ci one przyswoi\u0107 podstawowe&nbsp;hiszpa\u0144skie s\u0142\u00f3wka (na poziomie A1-B1). Do\u0142\u0105czony kurs audio MP3 ze zdaniami nagranymi przez natywnego lektora u\u0142atwi Ci natomiast wy\u0107wiczenie umiej\u0119tno\u015bci m\u00f3wienia.<br><br>Dzi\u0119ki&nbsp;<em><a href=\"https:\/\/prestonpublishing.pl\/hiszpanski\/145-hiszpanski-w-tlumaczeniach-slownictwo-cz-1.html\">Hiszpa\u0144ski w t\u0142umaczeniach. S\u0142ownictwo 1<\/a><\/em>:<\/p>\n\n\n\n<ul class=\"wp-block-list\">\n<li>nauczysz si\u0119 ponad&nbsp;<strong>2000 przydatnych s\u0142\u00f3w<\/strong>&nbsp;na poziomie podstawowym,<\/li>\n\n\n\n<li>razem z&nbsp;hiszpa\u0144skim lektorem&nbsp;<strong>prze\u0107wiczysz wymow\u0119<\/strong>&nbsp;i utrwalisz przyswojone ju\u017c wyrazy,<\/li>\n\n\n\n<li>poznasz wiele&nbsp;<strong>praktycznych hiszpa\u0144skich wyra\u017ce\u0144<\/strong>&nbsp;oraz nauczysz si\u0119 u\u017cywa\u0107 ich w kontek\u015bcie,<\/li>\n\n\n\n<li><strong>przetestujesz swoj\u0105 wiedz\u0119<\/strong>&nbsp;i wyeliminujesz b\u0142\u0119dy,<\/li>\n\n\n\n<li>zmotywujesz si\u0119 do&nbsp;<strong>codziennej nauki.<\/strong><\/li>\n<\/ul>\n\n\n\n<p>W drugiej cz\u0119\u015bci kursu&nbsp;<a href=\"https:\/\/prestonpublishing.pl\/hiszpanski\/537-hiszpanski-w-tlumaczeniach-slownictwo-2.html\"><em>Hiszpa\u0144ski w t\u0142umaczeniach. S\u0142ownictwo<\/em> <em>2<\/em><\/a> znajdziesz kolejne&nbsp;<strong>50 temat\u00f3w z listami hiszpa\u0144skich s\u0142\u00f3wek i wyra\u017ce\u0144 z j\u0119zyka codziennego<\/strong>. Przyswoisz je szybko i skutecznie poprzez t\u0142umaczenie gotowych zda\u0144 z ich u\u017cyciem \u2013 z j\u0119zyka polskiego na j\u0119zyk hiszpa\u0144ski. Zebrali\u015bmy tu s\u0142ownictwo zwi\u0105zane mi\u0119dzy innymi z przyrod\u0105, podr\u00f3\u017cami, zawodami, kosmetykami, cechami charakteru i ze sportem.<\/p>\n\n\n\n<figure class=\"wp-block-image alignleft size-full is-resized\"><img loading=\"lazy\" decoding=\"async\" width=\"600\" height=\"790\" src=\"https:\/\/prestonpublishing.pl\/blog\/wp-content\/uploads\/2025\/06\/hiszpanski-w-tlumaczeniach-slownictwo-2.jpg.png\" alt=\"ok\u0142adka ksi\u0105\u017cki Hiszpa\u0144ski w t\u0142umaczeniach s\u0142ownictwo cz\u0119\u015b\u0107 2 Preston Publishing\" class=\"wp-image-7838\" style=\"width:293px;height:auto\" srcset=\"https:\/\/prestonpublishing.pl\/blog\/wp-content\/uploads\/2025\/06\/hiszpanski-w-tlumaczeniach-slownictwo-2.jpg.png 600w, https:\/\/prestonpublishing.pl\/blog\/wp-content\/uploads\/2025\/06\/hiszpanski-w-tlumaczeniach-slownictwo-2.jpg-228x300.png 228w\" sizes=\"auto, (max-width: 600px) 100vw, 600px\" \/><\/figure>\n\n\n\n<p>Ka\u017cdy rozdzia\u0142 zawiera r\u00f3wnie\u017c&nbsp;<strong>wskaz\u00f3wki w dymkach<\/strong>&nbsp;z cennymi obja\u015bnieniami leksykalnymi, synonimami i informacjami na temat cz\u0119sto pope\u0142nianych b\u0142\u0119d\u00f3w, kt\u00f3re pomog\u0105 Ci w nauce. Ponad&nbsp;<strong>10-godzinny<\/strong>&nbsp;<strong>kurs audio MP3<\/strong>&nbsp;ze zdaniami nagranymi przez natywnego lektora umo\u017cliwi Ci natomiast \u0107wiczenie wymowy i rozumienia ze s\u0142uchu. Kurs dope\u0142niaj\u0105 testy oraz \u0107wiczenia konwersacyjne.<\/p>\n\n\n\n<p class=\"has-text-align-justify\">Dzi\u0119ki ksi\u0105\u017cce&nbsp;<em><a href=\"https:\/\/prestonpublishing.pl\/hiszpanski\/537-hiszpanski-w-tlumaczeniach-slownictwo-2.html\">Hiszpa\u0144ski w t\u0142umaczeniach. S\u0142ownictwo 2<\/a><\/em> nauczysz si\u0119 ponad&nbsp;<strong>2000 hiszpa\u0144skich&nbsp;s\u0142\u00f3wek<\/strong>&nbsp;na poziomie \u015brednio zaawansowanym i poznasz wiele praktycznych&nbsp;<strong>wyra\u017ce\u0144 z j\u0119zyka hiszpa\u0144skiego<\/strong>&nbsp;oraz nauczysz si\u0119 u\u017cywa\u0107 ich w kontek\u015bcie. To idealna pozycja dla wszystkich samouk\u00f3w, kt\u00f3rzy chc\u0105 przyswoi\u0107 hiszpa\u0144skie s\u0142ownictwo na poziomie \u015brednio zaawansowanym&nbsp;lub ugruntowa\u0107 zdobyt\u0105 dotychczas wiedz\u0119. Mo\u017ce sta\u0107 si\u0119 r\u00f3wnie\u017c uzupe\u0142nieniem tradycyjnych kurs\u00f3w j\u0119zykowych lub zaj\u0119\u0107 w szkole oraz pom\u00f3c w przygotowaniu do egzamin\u00f3w i matury.<\/p>\n\n\n\n<p>Zacznij m\u00f3wi\u0107 swobodnie po hiszpa\u0144sku! Si\u0119gnij po seri\u0119 <em><a href=\"https:\/\/prestonpublishing.pl\/20-ksiazka?q=hiszpa\u0144ski+s\u0142ownictwo\">Hiszpa\u0144ski w t\u0142umaczeniach S\u0142ownictwo<\/a><\/em>. <\/p>\n\n\n\n<div class=\"wp-block-buttons alignwide is-content-justification-center is-layout-flex wp-container-core-buttons-is-layout-a89b3969 wp-block-buttons-is-layout-flex\">\n<div class=\"wp-block-button\"><a class=\"wp-block-button__link wp-element-button\" href=\"https:\/\/prestonpublishing.pl\/index.php?controller=cart&amp;add=1&amp;action=show&amp;id_product=145\">Dodaj do koszyka<\/a><\/div>\n<\/div>\n\n\n\n<p><\/p>\n","protected":false},"excerpt":{"rendered":"<p>Dzi\u0119kujemy, \u017ce zdecydowa\u0142e\u015b si\u0119 na subskrypcj\u0119&nbsp;newslettera Preston Publishing.&nbsp;Jeszcze&nbsp;tylko jeden krok&nbsp;dzieli Ci\u0119 od otrzymania bezp\u0142atnego e-booka z praktycznym s\u0142ownictwem na poziomie A1\u2013A2, opartego na bestsellerowej ksi\u0105\u017cce&nbsp;Hiszpa\u0144ski w t\u0142umaczeniach. S\u0142ownictwo 1. Znajdziesz w nim dziesi\u0105tki przydatnych zwrot\u00f3w z codziennego j\u0119zyka i gotowe zdania do nauki. \ud83d\udce9 Kliknij w link wys\u0142any na Tw\u00f3j adres e-mail, aby potwierdzi\u0107 subskrypcj\u0119 [&hellip;]<\/p>\n","protected":false},"author":10,"featured_media":0,"parent":0,"menu_order":0,"comment_status":"closed","ping_status":"closed","template":"","meta":{"footnotes":""},"class_list":["post-7597","page","type-page","status-publish","hentry"],"blocksy_meta":[],"featured_image_urls":{"full":"","thumbnail":"","medium":"","medium_large":"","large":"","1536x1536":"","2048x2048":""},"post_excerpt_stackable":"<p>Dzi\u0119kujemy, \u017ce zdecydowa\u0142e\u015b si\u0119 na subskrypcj\u0119&nbsp;newslettera Preston Publishing.&nbsp;Jeszcze&nbsp;tylko jeden krok&nbsp;dzieli Ci\u0119 od otrzymania bezp\u0142atnego e-booka z praktycznym s\u0142ownictwem na poziomie A1\u2013A2, opartego na bestsellerowej ksi\u0105\u017cce&nbsp;Hiszpa\u0144ski w t\u0142umaczeniach. S\u0142ownictwo 1. Znajdziesz w nim dziesi\u0105tki przydatnych zwrot\u00f3w z codziennego j\u0119zyka i gotowe zdania do nauki. \ud83d\udce9 Kliknij w link wys\u0142any na Tw\u00f3j adres e-mail, aby potwierdzi\u0107 subskrypcj\u0119 i otrzyma\u0107 r\u00f3wnie\u017c&nbsp;kod rabatowy na zakupy w naszym sklepie. Ucz si\u0119 m\u0105drze i skutecznie \u2013 razem z nami! Chcesz&nbsp;m\u00f3wi\u0107 po hiszpa\u0144sku, ale wci\u0105\u017c masz problemy z&nbsp;opanowaniem s\u0142ownictwa? Dotychczasowe metody nauki&nbsp;nie przynios\u0142y one oczekiwanego rezultatu? T\u0119 ksi\u0105\u017ck\u0119 stworzyli\u015bmy w\u0142a\u015bnie po to, \u017ceby rozwi\u0105za\u0107 Twoje problemy!&nbsp; W&hellip;<\/p>\n","category_list":"","author_info":{"name":"Sylwia","url":"https:\/\/prestonpublishing.pl\/blog\/author\/sylwia\/"},"comments_num":"0 comments","yoast_head":"<!-- This site is optimized with the Yoast SEO Premium plugin v23.0 (Yoast SEO v23.0) - https:\/\/yoast.com\/wordpress\/plugins\/seo\/ -->\n<title>Dzi\u0119kujemy za zapis na newsletter | Blog Preston Publishing<\/title>\n<meta name=\"description\" content=\"Dzi\u0119kujemy, \u017ce zdecydowa\u0142e\u015b si\u0119 na subskrypcj\u0119\u00a0newslettera Preston Publishing.\u00a0Jeszcze\u00a0tylko jeden krok\u00a0dzieli Ci\u0119 od otrzymania e-booka.\" \/>\n<meta name=\"robots\" content=\"index, follow, max-snippet:-1, max-image-preview:large, max-video-preview:-1\" \/>\n<link rel=\"canonical\" href=\"https:\/\/prestonpublishing.pl\/blog\/slownictwo_hiszpanski\/\" \/>\n<meta property=\"og:locale\" content=\"pl_PL\" \/>\n<meta property=\"og:type\" content=\"article\" \/>\n<meta property=\"og:title\" content=\"Dzi\u0119kujemy za zapis na newsletter | Blog Preston Publishing\" \/>\n<meta property=\"og:description\" content=\"Dzi\u0119kujemy, \u017ce zdecydowa\u0142e\u015b si\u0119 na subskrypcj\u0119\u00a0newslettera Preston Publishing.\u00a0Jeszcze\u00a0tylko jeden krok\u00a0dzieli Ci\u0119 od otrzymania e-booka.\" \/>\n<meta property=\"og:url\" content=\"https:\/\/prestonpublishing.pl\/blog\/slownictwo_hiszpanski\/\" \/>\n<meta property=\"og:site_name\" content=\"Blog Preston Publishing\" \/>\n<meta property=\"article:publisher\" content=\"https:\/\/www.facebook.com\/prestonpublishing1\" \/>\n<meta property=\"article:modified_time\" content=\"2025-06-11T08:26:27+00:00\" \/>\n<meta property=\"og:image\" content=\"https:\/\/prestonpublishing.pl\/blog\/wp-content\/uploads\/2024\/08\/Hiszpanski_Slownictwo_1_Preston_Publishing_hiszpanski-w-podrozy-e1723535670436.png\" \/>\n<meta name=\"twitter:card\" content=\"summary_large_image\" \/>\n<meta name=\"twitter:label1\" content=\"Szacowany czas czytania\" \/>\n\t<meta name=\"twitter:data1\" content=\"3 minuty\" \/>\n<script type=\"application\/ld+json\" class=\"yoast-schema-graph\">{\"@context\":\"https:\/\/schema.org\",\"@graph\":[{\"@type\":\"WebPage\",\"@id\":\"https:\/\/prestonpublishing.pl\/blog\/slownictwo_hiszpanski\/\",\"url\":\"https:\/\/prestonpublishing.pl\/blog\/slownictwo_hiszpanski\/\",\"name\":\"Dzi\u0119kujemy za zapis na newsletter | Blog Preston Publishing\",\"isPartOf\":{\"@id\":\"https:\/\/prestonpublishing.pl\/blog\/#website\"},\"primaryImageOfPage\":{\"@id\":\"https:\/\/prestonpublishing.pl\/blog\/slownictwo_hiszpanski\/#primaryimage\"},\"image\":{\"@id\":\"https:\/\/prestonpublishing.pl\/blog\/slownictwo_hiszpanski\/#primaryimage\"},\"thumbnailUrl\":\"https:\/\/prestonpublishing.pl\/blog\/wp-content\/uploads\/2024\/08\/Hiszpanski_Slownictwo_1_Preston_Publishing_hiszpanski-w-podrozy-e1723535670436.png\",\"datePublished\":\"2025-05-08T06:50:18+00:00\",\"dateModified\":\"2025-06-11T08:26:27+00:00\",\"description\":\"Dzi\u0119kujemy, \u017ce zdecydowa\u0142e\u015b si\u0119 na subskrypcj\u0119\u00a0newslettera Preston Publishing.\u00a0Jeszcze\u00a0tylko jeden krok\u00a0dzieli Ci\u0119 od otrzymania e-booka.\",\"inLanguage\":\"pl-PL\",\"potentialAction\":[{\"@type\":\"ReadAction\",\"target\":[\"https:\/\/prestonpublishing.pl\/blog\/slownictwo_hiszpanski\/\"]}]},{\"@type\":\"ImageObject\",\"inLanguage\":\"pl-PL\",\"@id\":\"https:\/\/prestonpublishing.pl\/blog\/slownictwo_hiszpanski\/#primaryimage\",\"url\":\"https:\/\/prestonpublishing.pl\/blog\/wp-content\/uploads\/2024\/08\/Hiszpanski_Slownictwo_1_Preston_Publishing_hiszpanski-w-podrozy-e1723535670436.png\",\"contentUrl\":\"https:\/\/prestonpublishing.pl\/blog\/wp-content\/uploads\/2024\/08\/Hiszpanski_Slownictwo_1_Preston_Publishing_hiszpanski-w-podrozy-e1723535670436.png\",\"width\":446,\"height\":595,\"caption\":\"ok\u0142adka ksi\u0105\u017cki Hiszpa\u0144ski w t\u0142umaczeniach s\u0142ownictwo wydawnictwa Preston Publishing s\u0142ownictwo hiszpanskie\"},{\"@type\":\"WebSite\",\"@id\":\"https:\/\/prestonpublishing.pl\/blog\/#website\",\"url\":\"https:\/\/prestonpublishing.pl\/blog\/\",\"name\":\"Blog Preston Publishing\",\"description\":\"Artyku\u0142y o nauce j\u0119zyk\u00f3w obcych\",\"publisher\":{\"@id\":\"https:\/\/prestonpublishing.pl\/blog\/#organization\"},\"potentialAction\":[{\"@type\":\"SearchAction\",\"target\":{\"@type\":\"EntryPoint\",\"urlTemplate\":\"https:\/\/prestonpublishing.pl\/blog\/?s={search_term_string}\"},\"query-input\":\"required name=search_term_string\"}],\"inLanguage\":\"pl-PL\"},{\"@type\":\"Organization\",\"@id\":\"https:\/\/prestonpublishing.pl\/blog\/#organization\",\"name\":\"PrestonPublishing Blog\",\"url\":\"https:\/\/prestonpublishing.pl\/blog\/\",\"logo\":{\"@type\":\"ImageObject\",\"inLanguage\":\"pl-PL\",\"@id\":\"https:\/\/prestonpublishing.pl\/blog\/#\/schema\/logo\/image\/\",\"url\":\"https:\/\/prestonpublishing.pl\/blog\/wp-content\/uploads\/2025\/01\/preston-logo-tagline-no-padding.svg\",\"contentUrl\":\"https:\/\/prestonpublishing.pl\/blog\/wp-content\/uploads\/2025\/01\/preston-logo-tagline-no-padding.svg\",\"caption\":\"PrestonPublishing Blog\"},\"image\":{\"@id\":\"https:\/\/prestonpublishing.pl\/blog\/#\/schema\/logo\/image\/\"},\"sameAs\":[\"https:\/\/www.facebook.com\/prestonpublishing1\",\"https:\/\/www.instagram.com\/prestonpublishing\/\",\"https:\/\/www.linkedin.com\/company\/prestonpublishing\"]}]}<\/script>\n<!-- \/ Yoast SEO Premium plugin. -->","yoast_head_json":{"title":"Dzi\u0119kujemy za zapis na newsletter | Blog Preston Publishing","description":"Dzi\u0119kujemy, \u017ce zdecydowa\u0142e\u015b si\u0119 na subskrypcj\u0119\u00a0newslettera Preston Publishing.\u00a0Jeszcze\u00a0tylko jeden krok\u00a0dzieli Ci\u0119 od otrzymania e-booka.","robots":{"index":"index","follow":"follow","max-snippet":"max-snippet:-1","max-image-preview":"max-image-preview:large","max-video-preview":"max-video-preview:-1"},"canonical":"https:\/\/prestonpublishing.pl\/blog\/slownictwo_hiszpanski\/","og_locale":"pl_PL","og_type":"article","og_title":"Dzi\u0119kujemy za zapis na newsletter | Blog Preston Publishing","og_description":"Dzi\u0119kujemy, \u017ce zdecydowa\u0142e\u015b si\u0119 na subskrypcj\u0119\u00a0newslettera Preston Publishing.\u00a0Jeszcze\u00a0tylko jeden krok\u00a0dzieli Ci\u0119 od otrzymania e-booka.","og_url":"https:\/\/prestonpublishing.pl\/blog\/slownictwo_hiszpanski\/","og_site_name":"Blog Preston Publishing","article_publisher":"https:\/\/www.facebook.com\/prestonpublishing1","article_modified_time":"2025-06-11T08:26:27+00:00","og_image":[{"url":"https:\/\/prestonpublishing.pl\/blog\/wp-content\/uploads\/2024\/08\/Hiszpanski_Slownictwo_1_Preston_Publishing_hiszpanski-w-podrozy-e1723535670436.png"}],"twitter_card":"summary_large_image","twitter_misc":{"Szacowany czas czytania":"3 minuty"},"schema":{"@context":"https:\/\/schema.org","@graph":[{"@type":"WebPage","@id":"https:\/\/prestonpublishing.pl\/blog\/slownictwo_hiszpanski\/","url":"https:\/\/prestonpublishing.pl\/blog\/slownictwo_hiszpanski\/","name":"Dzi\u0119kujemy za zapis na newsletter | Blog Preston Publishing","isPartOf":{"@id":"https:\/\/prestonpublishing.pl\/blog\/#website"},"primaryImageOfPage":{"@id":"https:\/\/prestonpublishing.pl\/blog\/slownictwo_hiszpanski\/#primaryimage"},"image":{"@id":"https:\/\/prestonpublishing.pl\/blog\/slownictwo_hiszpanski\/#primaryimage"},"thumbnailUrl":"https:\/\/prestonpublishing.pl\/blog\/wp-content\/uploads\/2024\/08\/Hiszpanski_Slownictwo_1_Preston_Publishing_hiszpanski-w-podrozy-e1723535670436.png","datePublished":"2025-05-08T06:50:18+00:00","dateModified":"2025-06-11T08:26:27+00:00","description":"Dzi\u0119kujemy, \u017ce zdecydowa\u0142e\u015b si\u0119 na subskrypcj\u0119\u00a0newslettera Preston Publishing.\u00a0Jeszcze\u00a0tylko jeden krok\u00a0dzieli Ci\u0119 od otrzymania e-booka.","inLanguage":"pl-PL","potentialAction":[{"@type":"ReadAction","target":["https:\/\/prestonpublishing.pl\/blog\/slownictwo_hiszpanski\/"]}]},{"@type":"ImageObject","inLanguage":"pl-PL","@id":"https:\/\/prestonpublishing.pl\/blog\/slownictwo_hiszpanski\/#primaryimage","url":"https:\/\/prestonpublishing.pl\/blog\/wp-content\/uploads\/2024\/08\/Hiszpanski_Slownictwo_1_Preston_Publishing_hiszpanski-w-podrozy-e1723535670436.png","contentUrl":"https:\/\/prestonpublishing.pl\/blog\/wp-content\/uploads\/2024\/08\/Hiszpanski_Slownictwo_1_Preston_Publishing_hiszpanski-w-podrozy-e1723535670436.png","width":446,"height":595,"caption":"ok\u0142adka ksi\u0105\u017cki Hiszpa\u0144ski w t\u0142umaczeniach s\u0142ownictwo wydawnictwa Preston Publishing s\u0142ownictwo hiszpanskie"},{"@type":"WebSite","@id":"https:\/\/prestonpublishing.pl\/blog\/#website","url":"https:\/\/prestonpublishing.pl\/blog\/","name":"Blog Preston Publishing","description":"Artyku\u0142y o nauce j\u0119zyk\u00f3w obcych","publisher":{"@id":"https:\/\/prestonpublishing.pl\/blog\/#organization"},"potentialAction":[{"@type":"SearchAction","target":{"@type":"EntryPoint","urlTemplate":"https:\/\/prestonpublishing.pl\/blog\/?s={search_term_string}"},"query-input":"required name=search_term_string"}],"inLanguage":"pl-PL"},{"@type":"Organization","@id":"https:\/\/prestonpublishing.pl\/blog\/#organization","name":"PrestonPublishing Blog","url":"https:\/\/prestonpublishing.pl\/blog\/","logo":{"@type":"ImageObject","inLanguage":"pl-PL","@id":"https:\/\/prestonpublishing.pl\/blog\/#\/schema\/logo\/image\/","url":"https:\/\/prestonpublishing.pl\/blog\/wp-content\/uploads\/2025\/01\/preston-logo-tagline-no-padding.svg","contentUrl":"https:\/\/prestonpublishing.pl\/blog\/wp-content\/uploads\/2025\/01\/preston-logo-tagline-no-padding.svg","caption":"PrestonPublishing Blog"},"image":{"@id":"https:\/\/prestonpublishing.pl\/blog\/#\/schema\/logo\/image\/"},"sameAs":["https:\/\/www.facebook.com\/prestonpublishing1","https:\/\/www.instagram.com\/prestonpublishing\/","https:\/\/www.linkedin.com\/company\/prestonpublishing"]}]}},"_links":{"self":[{"href":"https:\/\/prestonpublishing.pl\/blog\/wp-json\/wp\/v2\/pages\/7597","targetHints":{"allow":["GET"]}}],"collection":[{"href":"https:\/\/prestonpublishing.pl\/blog\/wp-json\/wp\/v2\/pages"}],"about":[{"href":"https:\/\/prestonpublishing.pl\/blog\/wp-json\/wp\/v2\/types\/page"}],"author":[{"embeddable":true,"href":"https:\/\/prestonpublishing.pl\/blog\/wp-json\/wp\/v2\/users\/10"}],"replies":[{"embeddable":true,"href":"https:\/\/prestonpublishing.pl\/blog\/wp-json\/wp\/v2\/comments?post=7597"}],"version-history":[{"count":9,"href":"https:\/\/prestonpublishing.pl\/blog\/wp-json\/wp\/v2\/pages\/7597\/revisions"}],"predecessor-version":[{"id":7842,"href":"https:\/\/prestonpublishing.pl\/blog\/wp-json\/wp\/v2\/pages\/7597\/revisions\/7842"}],"wp:attachment":[{"href":"https:\/\/prestonpublishing.pl\/blog\/wp-json\/wp\/v2\/media?parent=7597"}],"curies":[{"name":"wp","href":"https:\/\/api.w.org\/{rel}","templated":true}]}}